{"id":885,"date":"2026-03-25T20:12:03","date_gmt":"2026-03-25T20:12:03","guid":{"rendered":"https:\/\/cristinawilligs.com\/?page_id=885"},"modified":"2026-04-11T13:55:51","modified_gmt":"2026-04-11T13:55:51","slug":"casa-de-dia-copy","status":"publish","type":"page","link":"https:\/\/cristinawilligs.com\/index.php\/casa-de-dia-copy\/","title":{"rendered":"Senior&#8217;s Club"},"content":{"rendered":"\t\t<div data-elementor-type=\"wp-page\" data-elementor-id=\"885\" class=\"elementor elementor-885\" data-elementor-post-type=\"page\">\n\t\t\t\t<div class=\"aux-parallax-section elementor-element elementor-element-f3d67fd e-flex e-con-boxed e-con e-parent\" data-id=\"f3d67fd\" data-element_type=\"container\" data-e-type=\"container\">\n\t\t\t\t\t<div class=\"e-con-inner\">\n\t\t\t\t<div class=\"elementor-element elementor-element-6c12d8c elementor-widget elementor-widget-heading\" data-id=\"6c12d8c\" data-element_type=\"widget\" data-e-type=\"widget\" data-widget_type=\"heading.default\">\n\t\t\t\t\t<h2 class=\"elementor-heading-title elementor-size-default\">Senior's Club<\/h2>\t\t\t\t<\/div>\n\t\t\t\t\t<\/div>\n\t\t\t\t<\/div>\n\t\t<div class=\"aux-parallax-section elementor-element elementor-element-fd94fc9 e-grid e-con-boxed e-con e-parent\" data-id=\"fd94fc9\" data-element_type=\"container\" data-e-type=\"container\" data-settings=\"{&quot;background_background&quot;:&quot;slideshow&quot;,&quot;background_slideshow_gallery&quot;:[],&quot;background_slideshow_loop&quot;:&quot;yes&quot;,&quot;background_slideshow_slide_duration&quot;:5000,&quot;background_slideshow_slide_transition&quot;:&quot;fade&quot;,&quot;background_slideshow_transition_duration&quot;:500}\">\n\t\t\t\t\t<div class=\"e-con-inner\">\n\t\t<div class=\"elementor-element elementor-element-6f9cac6 e-con-full e-flex e-con e-child\" data-id=\"6f9cac6\" data-element_type=\"container\" data-e-type=\"container\">\n\t\t\t\t<div class=\"elementor-element elementor-element-8ea5743 elementor-widget elementor-widget-heading\" data-id=\"8ea5743\" data-element_type=\"widget\" data-e-type=\"widget\" data-widget_type=\"heading.default\">\n\t\t\t\t\t<h2 class=\"elementor-heading-title elementor-size-default\">Actividades de estimulaci\u00f3n y recreaci\u00f3n<\/h2>\t\t\t\t<\/div>\n\t\t\t\t<div class=\"elementor-element elementor-element-06441be elementor-widget elementor-widget-text-editor\" data-id=\"06441be\" data-element_type=\"widget\" data-e-type=\"widget\" data-widget_type=\"text-editor.default\">\n\t\t\t\t\t\t\t\t\t<ul><li><p>Sal\u00f3n Multiuso para actividades \u00a0<\/p><\/li><li><p>Sal\u00f3n de TV\/video\/cine<\/p><\/li><li><p>Eventos tem\u00e1ticos con integraci\u00f3n familiar\u00a0<\/p><\/li><li><p>Interacci\u00f3n social, compa\u00f1\u00eda de otras personas \u00a0<\/p><\/li><li><p>Actividades para cuidar el estado f\u00edsico, cognitivo y emocional de las personas\u00a0<\/p><\/li><li><p>Paseos y salidas culturales\u00a0<\/p><\/li><\/ul>\t\t\t\t\t\t\t\t<\/div>\n\t\t\t\t<\/div>\n\t\t<div class=\"elementor-element elementor-element-3a73cb4 e-con-full e-flex e-con e-child\" data-id=\"3a73cb4\" data-element_type=\"container\" data-e-type=\"container\" data-settings=\"{&quot;background_background&quot;:&quot;slideshow&quot;,&quot;background_slideshow_gallery&quot;:[{&quot;id&quot;:849,&quot;url&quot;:&quot;https:\\\/\\\/cristinawilligs.com\\\/wp-content\\\/uploads\\\/2026\\\/03\\\/LGPH5071-scaled.jpg&quot;},{&quot;id&quot;:848,&quot;url&quot;:&quot;https:\\\/\\\/cristinawilligs.com\\\/wp-content\\\/uploads\\\/2026\\\/03\\\/LGPH4962-scaled.jpg&quot;},{&quot;id&quot;:847,&quot;url&quot;:&quot;https:\\\/\\\/cristinawilligs.com\\\/wp-content\\\/uploads\\\/2026\\\/03\\\/LGPH4961-scaled.jpg&quot;}],&quot;background_slideshow_loop&quot;:&quot;yes&quot;,&quot;background_slideshow_slide_duration&quot;:5000,&quot;background_slideshow_slide_transition&quot;:&quot;fade&quot;,&quot;background_slideshow_transition_duration&quot;:500}\">\n\t\t\t\t<\/div>\n\t\t\t\t\t<\/div>\n\t\t\t\t<\/div>\n\t\t\t\t<\/div>\n\t\t","protected":false},"excerpt":{"rendered":"<p>Senior&#8217;s Club Actividades de estimulaci\u00f3n y recreaci\u00f3n Sal\u00f3n Multiuso para actividades \u00a0 Sal\u00f3n de TV\/video\/cine Eventos tem\u00e1ticos con integraci\u00f3n familiar\u00a0 Interacci\u00f3n social, compa\u00f1\u00eda de otras personas \u00a0 Actividades para cuidar el estado f\u00edsico, cognitivo y emocional de las personas\u00a0 Paseos y salidas culturales\u00a0<\/p>\n","protected":false},"author":1,"featured_media":0,"parent":0,"menu_order":0,"comment_status":"closed","ping_status":"closed","template":"","meta":{"footnotes":""},"class_list":["post-885","page","type-page","status-publish","hentry"],"_links":{"self":[{"href":"https:\/\/cristinawilligs.com\/index.php\/wp-json\/wp\/v2\/pages\/885","targetHints":{"allow":["GET"]}}],"collection":[{"href":"https:\/\/cristinawilligs.com\/index.php\/wp-json\/wp\/v2\/pages"}],"about":[{"href":"https:\/\/cristinawilligs.com\/index.php\/wp-json\/wp\/v2\/types\/page"}],"author":[{"embeddable":true,"href":"https:\/\/cristinawilligs.com\/index.php\/wp-json\/wp\/v2\/users\/1"}],"replies":[{"embeddable":true,"href":"https:\/\/cristinawilligs.com\/index.php\/wp-json\/wp\/v2\/comments?post=885"}],"version-history":[{"count":22,"href":"https:\/\/cristinawilligs.com\/index.php\/wp-json\/wp\/v2\/pages\/885\/revisions"}],"predecessor-version":[{"id":962,"href":"https:\/\/cristinawilligs.com\/index.php\/wp-json\/wp\/v2\/pages\/885\/revisions\/962"}],"wp:attachment":[{"href":"https:\/\/cristinawilligs.com\/index.php\/wp-json\/wp\/v2\/media?parent=885"}],"curies":[{"name":"wp","href":"https:\/\/api.w.org\/{rel}","templated":true}]}}