{"id":846,"date":"2026-03-25T14:01:53","date_gmt":"2026-03-25T14:01:53","guid":{"rendered":"https:\/\/cristinawilligs.com\/?page_id=846"},"modified":"2026-03-25T14:41:37","modified_gmt":"2026-03-25T14:41:37","slug":"servicios-copy","status":"publish","type":"page","link":"https:\/\/cristinawilligs.com\/index.php\/servicios-copy\/","title":{"rendered":"Casa de D\u00eda"},"content":{"rendered":"\t\t<div data-elementor-type=\"wp-page\" data-elementor-id=\"846\" class=\"elementor elementor-846\" data-elementor-post-type=\"page\">\n\t\t\t\t<div class=\"aux-parallax-section elementor-element elementor-element-f3d67fd e-flex e-con-boxed e-con e-parent\" data-id=\"f3d67fd\" data-element_type=\"container\" data-e-type=\"container\">\n\t\t\t\t\t<div class=\"e-con-inner\">\n\t\t\t\t<div class=\"elementor-element elementor-element-6c12d8c elementor-widget elementor-widget-heading\" data-id=\"6c12d8c\" data-element_type=\"widget\" data-e-type=\"widget\" data-widget_type=\"heading.default\">\n\t\t\t\t\t<h2 class=\"elementor-heading-title elementor-size-default\">Casa de d\u00eda<\/h2>\t\t\t\t<\/div>\n\t\t\t\t\t<\/div>\n\t\t\t\t<\/div>\n\t\t<div class=\"aux-parallax-section elementor-element elementor-element-55b72d2 e-grid e-con-boxed e-con e-parent\" data-id=\"55b72d2\" data-element_type=\"container\" data-e-type=\"container\">\n\t\t\t\t\t<div class=\"e-con-inner\">\n\t\t<div class=\"elementor-element elementor-element-4b13ba0 e-grid e-con-full e-con e-child\" data-id=\"4b13ba0\" data-element_type=\"container\" data-e-type=\"container\">\n\t\t\t\t<div class=\"elementor-element elementor-element-ba0369d elementor-widget elementor-widget-heading\" data-id=\"ba0369d\" data-element_type=\"widget\" data-e-type=\"widget\" data-widget_type=\"heading.default\">\n\t\t\t\t\t<h2 class=\"elementor-heading-title elementor-size-default\">Instalaciones<\/h2>\t\t\t\t<\/div>\n\t\t\t\t<div class=\"elementor-element elementor-element-8f944a1 elementor-widget elementor-widget-text-editor\" data-id=\"8f944a1\" data-element_type=\"widget\" data-e-type=\"widget\" data-widget_type=\"text-editor.default\">\n\t\t\t\t\t\t\t\t\t<ul><li class=\"wixui-rich-text__text\"><p class=\"font_8 wixui-rich-text__text\"><span class=\"wixui-rich-text__text\">Habitaciones individuales, dobles y triples, con ba\u00f1os adaptados, timbres de auxilio y TV<\/span>\u00a0<\/p><\/li><li class=\"wixui-rich-text__text\"><p class=\"font_8 wixui-rich-text__text\"><span class=\"wixui-rich-text__text\">\u00a0Restaurante y cafeteria con men\u00fa variado y casero abierto a los amigos y familiares<\/span>\u00a0<\/p><\/li><li class=\"wixui-rich-text__text\"><p class=\"font_8 wixui-rich-text__text\"><span class=\"wixui-rich-text__text\">Ascensor<\/span>\u00a0<\/p><\/li><li class=\"wixui-rich-text__text\"><p class=\"font_8 wixui-rich-text__text\"><span class=\"wixui-rich-text__text\">Climatizaci\u00f3n<\/span>\u00a0<\/p><\/li><li class=\"wixui-rich-text__text\"><p class=\"font_8 wixui-rich-text__text\"><span class=\"wixui-rich-text__text\">Zona de jard\u00edn con piscina<\/span>\u00a0<\/p><\/li><li class=\"wixui-rich-text__text\"><p class=\"font_8 wixui-rich-text__text\"><span class=\"wixui-rich-text__text\">Servicio de lavander\u00eda<\/span>\u00a0<\/p><\/li><li class=\"wixui-rich-text__text\"><p class=\"font_8 wixui-rich-text__text\"><span class=\"wixui-rich-text__text\">Seguridad<\/span>\u00a0<\/p><\/li><li class=\"wixui-rich-text__text\"><p class=\"font_8 wixui-rich-text__text\"><span class=\"wixui-rich-text__text\">WiFi en todas las \u00e1reas<\/span><\/p><\/li><\/ul>\t\t\t\t\t\t\t\t<\/div>\n\t\t\t\t<\/div>\n\t\t<div class=\"elementor-element elementor-element-c1fd454 e-grid e-con-full e-con e-child\" data-id=\"c1fd454\" data-element_type=\"container\" data-e-type=\"container\">\n\t\t\t\t<div class=\"elementor-element elementor-element-77815b4 elementor-widget elementor-widget-heading\" data-id=\"77815b4\" data-element_type=\"widget\" data-e-type=\"widget\" data-widget_type=\"heading.default\">\n\t\t\t\t\t<h2 class=\"elementor-heading-title elementor-size-default\">Actividades<\/h2>\t\t\t\t<\/div>\n\t\t\t\t<div class=\"elementor-element elementor-element-5a0e315 elementor-widget elementor-widget-text-editor\" data-id=\"5a0e315\" data-element_type=\"widget\" data-e-type=\"widget\" data-widget_type=\"text-editor.default\">\n\t\t\t\t\t\t\t\t\t<ul><li><span class=\"wixui-rich-text__text\">Sal\u00f3n Multiuso para actividades\u00a0<\/span><br class=\"wixui-rich-text__text\" \/>\u00a0<\/li><li class=\"font_8 wixui-rich-text__text\"><span class=\"wixui-rich-text__text\">Sal\u00f3n de TV\/video\/cine<\/span><\/li><li class=\"font_8 wixui-rich-text__text\"><span class=\"wixui-rich-text__text\">Eventos tem\u00e1ticos con integraci\u00f3n familiar\u00a0<\/span><br class=\"wixui-rich-text__text\" \/>\u00a0<\/li><li class=\"font_8 wixui-rich-text__text\"><span class=\"wixui-rich-text__text\">Interacci\u00f3n social, compa\u00f1\u00eda de otras personas\u00a0<\/span><br class=\"wixui-rich-text__text\" \/>\u00a0<\/li><li class=\"font_8 wixui-rich-text__text\"><span class=\"wixui-rich-text__text\">Actividades para cuidar el estado f\u00edsico, cognitivo y emocional de las personas<\/span><br class=\"wixui-rich-text__text\" \/>\u00a0<\/li><\/ul>\t\t\t\t\t\t\t\t<\/div>\n\t\t\t\t<\/div>\n\t\t<div class=\"elementor-element elementor-element-39bc309 e-con-full e-flex e-con e-child\" data-id=\"39bc309\" data-element_type=\"container\" data-e-type=\"container\" data-settings=\"{&quot;background_background&quot;:&quot;slideshow&quot;,&quot;background_slideshow_gallery&quot;:[{&quot;id&quot;:848,&quot;url&quot;:&quot;https:\\\/\\\/cristinawilligs.com\\\/wp-content\\\/uploads\\\/2026\\\/03\\\/LGPH4962-scaled.jpg&quot;},{&quot;id&quot;:847,&quot;url&quot;:&quot;https:\\\/\\\/cristinawilligs.com\\\/wp-content\\\/uploads\\\/2026\\\/03\\\/LGPH4961-scaled.jpg&quot;},{&quot;id&quot;:448,&quot;url&quot;:&quot;https:\\\/\\\/cristinawilligs.com\\\/wp-content\\\/uploads\\\/2026\\\/02\\\/85941c_109e575ff0c448d582b0e33a1817687amv2-768x406-1.png&quot;},{&quot;id&quot;:422,&quot;url&quot;:&quot;https:\\\/\\\/cristinawilligs.com\\\/wp-content\\\/uploads\\\/2026\\\/02\\\/85941c_8f643d6f245146e0a602067b12ab9561mv21-280x180-1.jpeg&quot;}],&quot;background_slideshow_loop&quot;:&quot;yes&quot;,&quot;background_slideshow_slide_duration&quot;:5000,&quot;background_slideshow_slide_transition&quot;:&quot;fade&quot;,&quot;background_slideshow_transition_duration&quot;:500}\">\n\t\t\t\t<\/div>\n\t\t\t\t\t<\/div>\n\t\t\t\t<\/div>\n\t\t\t\t<\/div>\n\t\t","protected":false},"excerpt":{"rendered":"<p>Casa de d\u00eda Instalaciones Habitaciones individuales, dobles y triples, con ba\u00f1os adaptados, timbres de auxilio y TV\u00a0 \u00a0Restaurante y cafeteria con men\u00fa variado y casero abierto a los amigos y familiares\u00a0 Ascensor\u00a0 Climatizaci\u00f3n\u00a0 Zona de jard\u00edn con piscina\u00a0 Servicio de lavander\u00eda\u00a0 Seguridad\u00a0 WiFi en todas las \u00e1reas Actividades Sal\u00f3n Multiuso para actividades\u00a0\u00a0 Sal\u00f3n de TV\/video\/cine [&hellip;]<\/p>\n","protected":false},"author":1,"featured_media":0,"parent":0,"menu_order":0,"comment_status":"closed","ping_status":"closed","template":"","meta":{"footnotes":""},"class_list":["post-846","page","type-page","status-publish","hentry"],"_links":{"self":[{"href":"https:\/\/cristinawilligs.com\/index.php\/wp-json\/wp\/v2\/pages\/846","targetHints":{"allow":["GET"]}}],"collection":[{"href":"https:\/\/cristinawilligs.com\/index.php\/wp-json\/wp\/v2\/pages"}],"about":[{"href":"https:\/\/cristinawilligs.com\/index.php\/wp-json\/wp\/v2\/types\/page"}],"author":[{"embeddable":true,"href":"https:\/\/cristinawilligs.com\/index.php\/wp-json\/wp\/v2\/users\/1"}],"replies":[{"embeddable":true,"href":"https:\/\/cristinawilligs.com\/index.php\/wp-json\/wp\/v2\/comments?post=846"}],"version-history":[{"count":7,"href":"https:\/\/cristinawilligs.com\/index.php\/wp-json\/wp\/v2\/pages\/846\/revisions"}],"predecessor-version":[{"id":858,"href":"https:\/\/cristinawilligs.com\/index.php\/wp-json\/wp\/v2\/pages\/846\/revisions\/858"}],"wp:attachment":[{"href":"https:\/\/cristinawilligs.com\/index.php\/wp-json\/wp\/v2\/media?parent=846"}],"curies":[{"name":"wp","href":"https:\/\/api.w.org\/{rel}","templated":true}]}}